{"id":20,"date":"2024-11-01T10:45:29","date_gmt":"2024-11-01T09:45:29","guid":{"rendered":"http:\/\/caveauoublie.fr\/?page_id=20"},"modified":"2024-11-01T11:45:43","modified_gmt":"2024-11-01T10:45:43","slug":"wtf-is-caveau-oublie","status":"publish","type":"page","link":"https:\/\/caveauoublie.fr\/index.php\/wtf-is-caveau-oublie\/","title":{"rendered":"WTF IS CAVEAU OUBLI\u00c9 ?"},"content":{"rendered":"\n<p>Caveau Oubli\u00e9 c&#8217;est le concentr\u00e9 de deux \u00eatres queer qui s&#8217;\u00e9panouissent dans le Bizarre, le Beau, l&#8217;\u00c9sot\u00e9risme et la Pop Culture.<\/p>\n\n\n\n<p>Un h\u00e9ritage franco-portugais qui est distill\u00e9 dans des illustrations et autres joyeuset\u00e9s. Venez faire un tour dans le Caveau Oubli\u00e9 qui regorge de trucs kitsch, d&#8217;histoires et de raret\u00e9s.<\/p>\n","protected":false},"excerpt":{"rendered":"<p>Caveau Oubli\u00e9 c&#8217;est le concentr\u00e9 de deux \u00eatres queer qui s&#8217;\u00e9panouissent dans le Bizarre, le Beau, l&#8217;\u00c9sot\u00e9risme et la Pop Culture. Un h\u00e9ritage franco-portugais qui est distill\u00e9 dans des illustrations et autres joyeuset\u00e9s. Venez faire un tour dans le Caveau Oubli\u00e9 qui regorge de trucs kitsch, d&#8217;histoires et de raret\u00e9s.<\/p>\n","protected":false},"author":1,"featured_media":0,"parent":0,"menu_order":0,"comment_status":"closed","ping_status":"closed","template":"","meta":{"footnotes":""},"class_list":["post-20","page","type-page","status-publish","hentry"],"_links":{"self":[{"href":"https:\/\/caveauoublie.fr\/index.php\/wp-json\/wp\/v2\/pages\/20","targetHints":{"allow":["GET"]}}],"collection":[{"href":"https:\/\/caveauoublie.fr\/index.php\/wp-json\/wp\/v2\/pages"}],"about":[{"href":"https:\/\/caveauoublie.fr\/index.php\/wp-json\/wp\/v2\/types\/page"}],"author":[{"embeddable":true,"href":"https:\/\/caveauoublie.fr\/index.php\/wp-json\/wp\/v2\/users\/1"}],"replies":[{"embeddable":true,"href":"https:\/\/caveauoublie.fr\/index.php\/wp-json\/wp\/v2\/comments?post=20"}],"version-history":[{"count":3,"href":"https:\/\/caveauoublie.fr\/index.php\/wp-json\/wp\/v2\/pages\/20\/revisions"}],"predecessor-version":[{"id":38,"href":"https:\/\/caveauoublie.fr\/index.php\/wp-json\/wp\/v2\/pages\/20\/revisions\/38"}],"wp:attachment":[{"href":"https:\/\/caveauoublie.fr\/index.php\/wp-json\/wp\/v2\/media?parent=20"}],"curies":[{"name":"wp","href":"https:\/\/api.w.org\/{rel}","templated":true}]}}